{"id":2,"date":"2016-06-14T01:53:06","date_gmt":"2016-06-14T00:53:06","guid":{"rendered":"https:\/\/the7.io\/construction\/?page_id=2"},"modified":"2023-05-04T14:01:48","modified_gmt":"2023-05-04T14:01:48","slug":"home-3","status":"publish","type":"page","link":"https:\/\/www.debruyn-intergips.nl\/tr\/","title":{"rendered":"Home"},"content":{"rendered":"<section class=\"wpb-content-wrapper\"><div data-vc-full-width=\"true\" data-vc-full-width-init=\"false\" data-vc-stretch-content=\"true\" class=\"vc_row wpb_row vc_row-fluid\"><div class=\"wpb_column vc_column_container vc_col-sm-12\"><div class=\"vc_column-inner\"><div class=\"wpb_wrapper\"><div class=\"vc_empty_space\"   style=\"height: 150px\"><span class=\"vc_empty_space_inner\"><\/span><\/div>\n\t<div class=\"wpb_text_column wpb_content_element  vc_custom_1680183540083\" >\n\t\t<div class=\"wpb_wrapper\">\n\t\t\t<div class=\"w-full border-b border-black\/10 dark:border-gray-900\/50 text-gray-800 dark:text-gray-100 group bg-gray-50 dark:bg-&#091;#444654&#093;\">\n<div class=\"text-base gap-4 md:gap-6 m-auto md:max-w-2xl lg:max-w-2xl xl:max-w-3xl p-4 md:py-6 flex lg:px-0\">\n<div class=\"relative flex w-&#091;calc(100%-50px)&#093; md:flex-col lg:w-&#091;calc(100%-115px)&#093;\">\n<div class=\"flex flex-grow flex-col gap-3\">\n<div class=\"min-h-&#091;20px&#093; flex flex-col items-start gap-4 whitespace-pre-wrap\">\n<div class=\"markdown prose w-full break-words dark:prose-invert light\">\n<h2 style=\"text-align: center;\"><span style=\"color: #ffffff;\">Ervaar de absolute zekerheid van professionele kwaliteit<\/span><br \/>\n<span style=\"color: #ffffff;\">door een erkend en gecertificeerd afbouwbedrijf te kiezen.<\/span><\/h2>\n<\/div>\n<\/div>\n<\/div>\n<\/div>\n<\/div>\n<\/div>\n\n\t\t<\/div>\n\t<\/div>\n<div class=\"vc_empty_space\"   style=\"height: 150px\"><span class=\"vc_empty_space_inner\"><\/span><\/div><\/div><\/div><\/div><\/div><div class=\"vc_row-full-width vc_clearfix\"><\/div><!-- Row Backgrounds --><div class=\"upb_content_video\" data-controls-color=\"\" data-controls=\"\" data-viewport-video=\"false\" data-ultimate-video=\"https:\/\/www.debruyn-intergips.nl\/wp-content\/uploads\/2023\/01\/closeup-of-plaster-painting-works-in-the-room-2022-08-10-23-00-40-utc.mp4\" data-ultimate-video2=\"https:\/\/www.debruyn-intergips.nl\/wp-content\/uploads\/2023\/01\/closeup-of-plaster-painting-works-in-the-room-2022-08-10-23-00-40-utc.webm\" data-ultimate-video-muted=\"muted\" data-ultimate-video-loop=\"loop\" data-ultimate-video-poster=\"https:\/\/www.debruyn-intergips.nl\/wp-content\/uploads\/2023\/01\/homeBackground1-2.jpg\" data-ultimate-video-autoplay=\"autoplay\" data-bg-override=\"0\" data-upb-overlay-color=\"rgba(0,0,0,0.64)\" data-upb-bg-animation=\"\" data-fadeout=\"\" data-fadeout-percentage=\"30\" data-parallax-content=\"\" data-parallax-content-sense=\"30\" data-row-effect-mobile-disable=\"true\" data-rtl=\"false\" data-img-parallax-mobile-disable=\"true\"  data-custom-vc-row=\"\"  data-vc=\"6.10.0\"  data-is_old_vc=\"\"  data-theme-support=\"\"   data-overlay=\"true\" data-overlay-color=\"rgba(0,0,0,0.64)\" data-overlay-pattern=\"\" data-overlay-pattern-opacity=\"0.8\" data-overlay-pattern-size=\"\" data-overlay-pattern-attachment=\"scroll\"     data-video_fixer=\"true\"><\/div><div data-vc-full-width=\"true\" data-vc-full-width-init=\"false\" class=\"vc_row wpb_row vc_row-fluid vc_custom_1675164371393\"><div class=\"wpb_column vc_column_container vc_col-sm-2\"><div class=\"vc_column-inner\"><div class=\"wpb_wrapper\">\n\t<div class=\"wpb_text_column wpb_content_element\" >\n\t\t<div class=\"wpb_wrapper\">\n\t\t\t\n\t\t<\/div>\n\t<\/div>\n<\/div><\/div><\/div><div class=\"wpb_column vc_column_container vc_col-sm-8\"><div class=\"vc_column-inner\"><div class=\"wpb_wrapper\">\n\t<div class=\"wpb_text_column wpb_content_element\" >\n\t\t<div class=\"wpb_wrapper\">\n\t\t\t<h2 style=\"text-align: center;\">De Bruyn Intergips Afbouw<\/h2>\n<p style=\"text-align: center;\">Is een familiebedrijf en werd in 1976 opgericht en is in de loop der jaren uitgegroeid tot een vooraanstaande en toonaangevende onderneming met ruim 125 medewerkers en behoort tot \u00e9\u00e9n van de grotere afbouwbedrijven van Nederland. De Bruyn Intergips Afbouw wil haar positie in de markt verder versterken in de regio&#8217;s waar zij opereert (geheel Nederland, met uitzondering van Limburg, Groningen en Friesland).<\/p>\n\n\t\t<\/div>\n\t<\/div>\n<div class=\"vc_btn3-container vc_btn3-center\" ><a class=\"vc_general vc_btn3 vc_btn3-size-md vc_btn3-shape-rounded vc_btn3-style-modern vc_btn3-color-grey\" href=\"https:\/\/www.debruyn-intergips.nl\/tr\/organisatie\/\" title=\"ORGANISATIE\">Meer info<\/a><\/div><\/div><\/div><\/div><div class=\"wpb_column vc_column_container vc_col-sm-2\"><div class=\"vc_column-inner\"><div class=\"wpb_wrapper\"><\/div><\/div><\/div><\/div><div class=\"vc_row-full-width vc_clearfix\"><\/div><!-- Row Backgrounds --><div class=\"upb_color\" data-bg-override=\"0\" data-bg-color=\"#ffffff\" data-fadeout=\"\" data-fadeout-percentage=\"30\" data-parallax-content=\"\" data-parallax-content-sense=\"30\" data-row-effect-mobile-disable=\"true\" data-img-parallax-mobile-disable=\"true\" data-rtl=\"false\"  data-custom-vc-row=\"\"  data-vc=\"6.10.0\"  data-is_old_vc=\"\"  data-theme-support=\"\"   data-overlay=\"false\" data-overlay-color=\"\" data-overlay-pattern=\"\" data-overlay-pattern-opacity=\"\" data-overlay-pattern-size=\"\"    ><\/div><div data-vc-full-width=\"true\" data-vc-full-width-init=\"false\" class=\"vc_row wpb_row vc_row-fluid vc_custom_1674570989433\"><div class=\"wpb_column vc_column_container vc_col-sm-12\"><div class=\"vc_column-inner\"><div class=\"wpb_wrapper\"><div class=\"vc_row wpb_row vc_inner vc_row-fluid vc_row-o-equal-height vc_row-flex\"><div class=\"wpb_column vc_column_container vc_col-sm-3\"><div class=\"vc_column-inner\"><div class=\"wpb_wrapper\"><div class=\"vc_icon_element vc_icon_element-outer vc_icon_element-align-center\"><div class=\"vc_icon_element-inner vc_icon_element-color-custom vc_icon_element-size-md vc_icon_element-style- vc_icon_element-background-color-grey\" ><span class=\"vc_icon_element-icon fas fa-building\" style=\"color:#cc0000 !important\"><\/span><\/div><\/div>\n\t<div class=\"wpb_text_column wpb_content_element\" >\n\t\t<div class=\"wpb_wrapper\">\n\t\t\t<h4 style=\"text-align: center;\"><strong>ZAKELIJKE MARKT<\/strong><\/h4>\n<div style=\"text-align: center;\">\n<div>Door de korte communicatielijnen welke er binnen het bedrijf worden gehanteerd, kan er snel en flexibel worden\u00a0ingespeeld op de wensen van de opdrachtgevers.<\/div>\n<\/div>\n\n\t\t<\/div>\n\t<\/div>\n<div class=\"vc_btn3-container vc_btn3-center\" ><a class=\"vc_general vc_btn3 vc_btn3-size-md vc_btn3-shape-rounded vc_btn3-style-modern vc_btn3-color-grey\" href=\"https:\/\/www.debruyn-intergips.nl\/tr\/zakelijk\/\" title=\"Zakelijk\">Meer info<\/a><\/div><\/div><\/div><\/div><div class=\"wpb_column vc_column_container vc_col-sm-3\"><div class=\"vc_column-inner\"><div class=\"wpb_wrapper\"><div class=\"vc_icon_element vc_icon_element-outer vc_icon_element-align-center\"><div class=\"vc_icon_element-inner vc_icon_element-color-custom vc_icon_element-size-md vc_icon_element-style- vc_icon_element-background-color-grey\" ><span class=\"vc_icon_element-icon fas fa-home\" style=\"color:#cc0000 !important\"><\/span><\/div><\/div>\n\t<div class=\"wpb_text_column wpb_content_element\" >\n\t\t<div class=\"wpb_wrapper\">\n\t\t\t<h4 style=\"text-align: center;\">PARTICULIERE MARKT<\/h4>\n<div style=\"text-align: center;\">Ontdek de mogelijkheden van stukadoors- en spuitwerk bij De Bruyn Intergips en verfraai uw interieur met vakwerk en persoonlijke service.<\/div>\n\n\t\t<\/div>\n\t<\/div>\n<div class=\"vc_btn3-container vc_btn3-center\" ><a class=\"vc_general vc_btn3 vc_btn3-size-md vc_btn3-shape-rounded vc_btn3-style-modern vc_btn3-color-grey\" href=\"https:\/\/www.debruyn-intergips.nl\/tr\/particulier\/\" title=\"PARTICULIER\">Meer info<\/a><\/div><\/div><\/div><\/div><div class=\"wpb_column vc_column_container vc_col-sm-3\"><div class=\"vc_column-inner\"><div class=\"wpb_wrapper\"><div class=\"vc_icon_element vc_icon_element-outer vc_icon_element-align-center\"><div class=\"vc_icon_element-inner vc_icon_element-color-custom vc_icon_element-size-md vc_icon_element-style- vc_icon_element-background-color-grey\" ><span class=\"vc_icon_element-icon fas fa-copy\" style=\"color:#cc0000 !important\"><\/span><\/div><\/div>\n\t<div class=\"wpb_text_column wpb_content_element\" >\n\t\t<div class=\"wpb_wrapper\">\n\t\t\t<h4 style=\"text-align: center;\"><strong>BO\u015e \u0130\u015eLER<\/strong><\/h4>\n<div style=\"text-align: center;\">Top-talent gezocht! Bouwers van gipsblokken, cellenbeton panelen, stukadoors, spack spuiters en meer, kom ons team versterken!<\/div>\n\n\t\t<\/div>\n\t<\/div>\n<div class=\"vc_btn3-container vc_btn3-center\" ><a class=\"vc_general vc_btn3 vc_btn3-size-md vc_btn3-shape-rounded vc_btn3-style-modern vc_btn3-color-grey\" href=\"https:\/\/www.debruyn-intergips.nl\/tr\/vacatures\/\" title=\"BO\u015e \u0130\u015eLER\">Meer info<\/a><\/div><\/div><\/div><\/div><div class=\"wpb_column vc_column_container vc_col-sm-3\"><div class=\"vc_column-inner\"><div class=\"wpb_wrapper\"><div class=\"vc_icon_element vc_icon_element-outer vc_icon_element-align-center\"><div class=\"vc_icon_element-inner vc_icon_element-color-custom vc_icon_element-size-md vc_icon_element-style- vc_icon_element-background-color-grey\" ><span class=\"vc_icon_element-icon fas fa-brush\" style=\"color:#cc0000 !important\"><\/span><\/div><\/div>\n\t<div class=\"wpb_text_column wpb_content_element\" >\n\t\t<div class=\"wpb_wrapper\">\n\t\t\t<h4 style=\"text-align: center;\"><strong>UITGELICHTE PROJECTEN<\/strong><\/h4>\n<div style=\"text-align: center;\">Bekijk hier onze uitgelichte projecten en zie zelf hoe wij als bedrijf streven naar absolute kwaliteit in elk project dat we aannemen.<\/div>\n\n\t\t<\/div>\n\t<\/div>\n<div class=\"vc_btn3-container vc_btn3-center\" ><a class=\"vc_general vc_btn3 vc_btn3-size-md vc_btn3-shape-rounded vc_btn3-style-modern vc_btn3-color-grey\" href=\"https:\/\/www.debruyn-intergips.nl\/tr\/zakelijk\/uitgelichte-projecten\/\" title=\"UITGELICHTE PROJECTEN\">Meer info<\/a><\/div><\/div><\/div><\/div><\/div><\/div><\/div><\/div><\/div><div class=\"vc_row-full-width vc_clearfix\"><\/div><!-- Row Backgrounds --><div class=\"upb_color\" data-bg-override=\"0\" data-bg-color=\"#e5e5e5\" data-fadeout=\"\" data-fadeout-percentage=\"30\" data-parallax-content=\"\" data-parallax-content-sense=\"30\" data-row-effect-mobile-disable=\"true\" data-img-parallax-mobile-disable=\"true\" data-rtl=\"false\"  data-custom-vc-row=\"\"  data-vc=\"6.10.0\"  data-is_old_vc=\"\"  data-theme-support=\"\"   data-overlay=\"false\" data-overlay-color=\"\" data-overlay-pattern=\"\" data-overlay-pattern-opacity=\"\" data-overlay-pattern-size=\"\"    ><\/div><div data-vc-full-width=\"true\" data-vc-full-width-init=\"false\" class=\"vc_row wpb_row vc_row-fluid vc_custom_1674741431337 vc_row-o-equal-height vc_row-o-content-middle vc_row-flex\"><div class=\"wpb_column vc_column_container vc_col-sm-3\"><div class=\"vc_column-inner\"><div class=\"wpb_wrapper\">\n\t<div  class=\"wpb_single_image wpb_content_element vc_align_center\">\n\t\t\n\t\t<figure class=\"wpb_wrapper vc_figure\">\n\t\t\t<div class=\"vc_single_image-wrapper   vc_box_border_grey\"><img loading=\"lazy\" decoding=\"async\" width=\"651\" height=\"379\" src=\"https:\/\/www.debruyn-intergips.nl\/wp-content\/uploads\/2023\/03\/normec-nck-vca-1.png\" class=\"vc_single_image-img attachment-full\" alt=\"\" title=\"normec nck vca\" srcset=\"https:\/\/www.debruyn-intergips.nl\/wp-content\/uploads\/2023\/03\/normec-nck-vca-1.png 651w, https:\/\/www.debruyn-intergips.nl\/wp-content\/uploads\/2023\/03\/normec-nck-vca-1-300x175.png 300w\" sizes=\"auto, (max-width: 651px) 100vw, 651px\"  data-dt-location=\"https:\/\/www.debruyn-intergips.nl\/tr\/home-3\/normec-nck-vca-2\/\" \/><\/div>\n\t\t<\/figure>\n\t<\/div>\n<\/div><\/div><\/div><div class=\"wpb_column vc_column_container vc_col-sm-3\"><div class=\"vc_column-inner\"><div class=\"wpb_wrapper\">\n\t<div  class=\"wpb_single_image wpb_content_element vc_align_center\">\n\t\t\n\t\t<figure class=\"wpb_wrapper vc_figure\">\n\t\t\t<div class=\"vc_single_image-wrapper   vc_box_border_grey\"><img loading=\"lazy\" decoding=\"async\" width=\"651\" height=\"379\" src=\"https:\/\/www.debruyn-intergips.nl\/wp-content\/uploads\/2023\/03\/normec-nck-vca-2.png\" class=\"vc_single_image-img attachment-full\" alt=\"\" title=\"normec nck vca\" srcset=\"https:\/\/www.debruyn-intergips.nl\/wp-content\/uploads\/2023\/03\/normec-nck-vca-2.png 651w, https:\/\/www.debruyn-intergips.nl\/wp-content\/uploads\/2023\/03\/normec-nck-vca-2-300x175.png 300w\" sizes=\"auto, (max-width: 651px) 100vw, 651px\"  data-dt-location=\"https:\/\/www.debruyn-intergips.nl\/tr\/home-3\/normec-nck-vca-3\/\" \/><\/div>\n\t\t<\/figure>\n\t<\/div>\n<\/div><\/div><\/div><div class=\"wpb_column vc_column_container vc_col-sm-3\"><div class=\"vc_column-inner\"><div class=\"wpb_wrapper\">\n\t<div  class=\"wpb_single_image wpb_content_element vc_align_center\">\n\t\t\n\t\t<figure class=\"wpb_wrapper vc_figure\">\n\t\t\t<div class=\"vc_single_image-wrapper   vc_box_border_grey\"><img loading=\"lazy\" decoding=\"async\" width=\"651\" height=\"379\" src=\"https:\/\/www.debruyn-intergips.nl\/wp-content\/uploads\/2023\/04\/normec-nck-vca.png\" class=\"vc_single_image-img attachment-full\" alt=\"\" title=\"normec nck vca\" srcset=\"https:\/\/www.debruyn-intergips.nl\/wp-content\/uploads\/2023\/04\/normec-nck-vca.png 651w, https:\/\/www.debruyn-intergips.nl\/wp-content\/uploads\/2023\/04\/normec-nck-vca-300x175.png 300w\" sizes=\"auto, (max-width: 651px) 100vw, 651px\"  data-dt-location=\"https:\/\/www.debruyn-intergips.nl\/tr\/home-3\/normec-nck-vca-4\/\" \/><\/div>\n\t\t<\/figure>\n\t<\/div>\n<\/div><\/div><\/div><div class=\"wpb_column vc_column_container vc_col-sm-3\"><div class=\"vc_column-inner\"><div class=\"wpb_wrapper\">\n\t<div  class=\"wpb_single_image wpb_content_element vc_align_center\">\n\t\t\n\t\t<figure class=\"wpb_wrapper vc_figure\">\n\t\t\t<div class=\"vc_single_image-wrapper   vc_box_border_grey\"><img loading=\"lazy\" decoding=\"async\" width=\"651\" height=\"379\" src=\"https:\/\/www.debruyn-intergips.nl\/wp-content\/uploads\/2023\/04\/noa.png\" class=\"vc_single_image-img attachment-full\" alt=\"\" title=\"noa\" srcset=\"https:\/\/www.debruyn-intergips.nl\/wp-content\/uploads\/2023\/04\/noa.png 651w, https:\/\/www.debruyn-intergips.nl\/wp-content\/uploads\/2023\/04\/noa-300x175.png 300w\" sizes=\"auto, (max-width: 651px) 100vw, 651px\"  data-dt-location=\"https:\/\/www.debruyn-intergips.nl\/tr\/home-3\/noa\/\" \/><\/div>\n\t\t<\/figure>\n\t<\/div>\n<\/div><\/div><\/div><\/div><div class=\"vc_row-full-width vc_clearfix\"><\/div><!-- Row Backgrounds --><div class=\"upb_color\" data-bg-override=\"0\" data-bg-color=\"#ffffff\" data-fadeout=\"\" data-fadeout-percentage=\"30\" data-parallax-content=\"\" data-parallax-content-sense=\"30\" data-row-effect-mobile-disable=\"true\" data-img-parallax-mobile-disable=\"true\" data-rtl=\"false\"  data-custom-vc-row=\"\"  data-vc=\"6.10.0\"  data-is_old_vc=\"\"  data-theme-support=\"\"   data-overlay=\"false\" data-overlay-color=\"\" data-overlay-pattern=\"\" data-overlay-pattern-opacity=\"\" data-overlay-pattern-size=\"\"    ><\/div>\n<\/section>","protected":false},"excerpt":{"rendered":"<p>Ervaar de absolute zekerheid van professionele kwaliteit door een erkend en gecertificeerd afbouwbedrijf te kiezen. De Bruyn Intergips Afbouw Is een familiebedrijf en werd in 1976 opgericht en is in de loop der jaren uitgegroeid tot een vooraanstaande en toonaangevende onderneming met ruim 125 medewerkers en behoort tot \u00e9\u00e9n van de grotere afbouwbedrijven van Nederland.&hellip;<\/p>","protected":false},"author":1,"featured_media":0,"parent":0,"menu_order":0,"comment_status":"closed","ping_status":"closed","template":"","meta":{"footnotes":""},"class_list":["post-2","page","type-page","status-publish","hentry","description-off"],"yoast_head":"<!-- This site is optimized with the Yoast SEO plugin v27.1 - https:\/\/yoast.com\/product\/yoast-seo-wordpress\/ -->\n<title>Erkend en gecertificeerd stukadoors - De Bruyn Intergips<\/title>\n<meta name=\"description\" content=\"Ervaar de absolute zekerheid van professionele kwaliteitdoor een erkend en gecertificeerd stukadoors- en afbouwbedrijf te kiezen.\" \/>\n<meta name=\"robots\" content=\"index, follow, max-snippet:-1, max-image-preview:large, max-video-preview:-1\" \/>\n<link rel=\"canonical\" href=\"https:\/\/www.debruyn-intergips.nl\/tr\/\" \/>\n<meta property=\"og:locale\" content=\"tr_TR\" \/>\n<meta property=\"og:type\" content=\"article\" \/>\n<meta property=\"og:title\" content=\"Erkend en gecertificeerd stukadoors - De Bruyn Intergips\" \/>\n<meta property=\"og:description\" content=\"Ervaar de absolute zekerheid van professionele kwaliteitdoor een erkend en gecertificeerd stukadoors- en afbouwbedrijf te kiezen.\" \/>\n<meta property=\"og:url\" content=\"https:\/\/www.debruyn-intergips.nl\/tr\/\" \/>\n<meta property=\"og:site_name\" content=\"De Bruyn Intergips\" \/>\n<meta property=\"article:modified_time\" content=\"2023-05-04T14:01:48+00:00\" \/>\n<meta name=\"twitter:card\" content=\"summary_large_image\" \/>\n<meta name=\"twitter:label1\" content=\"Tahmini okuma s\u00fcresi\" \/>\n\t<meta name=\"twitter:data1\" content=\"2 dakika\" \/>\n<script type=\"application\/ld+json\" class=\"yoast-schema-graph\">{\"@context\":\"https:\/\/schema.org\",\"@graph\":[{\"@type\":\"WebPage\",\"@id\":\"https:\/\/www.debruyn-intergips.nl\/\",\"url\":\"https:\/\/www.debruyn-intergips.nl\/\",\"name\":\"Erkend en gecertificeerd stukadoors - De Bruyn Intergips\",\"isPartOf\":{\"@id\":\"https:\/\/www.debruyn-intergips.nl\/#website\"},\"datePublished\":\"2016-06-14T00:53:06+00:00\",\"dateModified\":\"2023-05-04T14:01:48+00:00\",\"description\":\"Ervaar de absolute zekerheid van professionele kwaliteitdoor een erkend en gecertificeerd stukadoors- en afbouwbedrijf te kiezen.\",\"breadcrumb\":{\"@id\":\"https:\/\/www.debruyn-intergips.nl\/#breadcrumb\"},\"inLanguage\":\"tr\",\"potentialAction\":[{\"@type\":\"ReadAction\",\"target\":[\"https:\/\/www.debruyn-intergips.nl\/\"]}]},{\"@type\":\"BreadcrumbList\",\"@id\":\"https:\/\/www.debruyn-intergips.nl\/#breadcrumb\",\"itemListElement\":[{\"@type\":\"ListItem\",\"position\":1,\"name\":\"Home\",\"item\":\"https:\/\/www.debruyn-intergips.nl\/\"},{\"@type\":\"ListItem\",\"position\":2,\"name\":\"Home\"}]},{\"@type\":\"WebSite\",\"@id\":\"https:\/\/www.debruyn-intergips.nl\/#website\",\"url\":\"https:\/\/www.debruyn-intergips.nl\/\",\"name\":\"De Bruyn Intergips\",\"description\":\"gecertificeerd stukadoors- en afbouwbedrijf\",\"publisher\":{\"@id\":\"https:\/\/www.debruyn-intergips.nl\/#organization\"},\"potentialAction\":[{\"@type\":\"SearchAction\",\"target\":{\"@type\":\"EntryPoint\",\"urlTemplate\":\"https:\/\/www.debruyn-intergips.nl\/?s={search_term_string}\"},\"query-input\":{\"@type\":\"PropertyValueSpecification\",\"valueRequired\":true,\"valueName\":\"search_term_string\"}}],\"inLanguage\":\"tr\"},{\"@type\":\"Organization\",\"@id\":\"https:\/\/www.debruyn-intergips.nl\/#organization\",\"name\":\"Grande Creation\",\"url\":\"https:\/\/www.debruyn-intergips.nl\/\",\"logo\":{\"@type\":\"ImageObject\",\"inLanguage\":\"tr\",\"@id\":\"https:\/\/www.debruyn-intergips.nl\/#\/schema\/logo\/image\/\",\"url\":\"https:\/\/www.debruyn-intergips.nl\/wp-content\/uploads\/2022\/06\/g-1.png\",\"contentUrl\":\"https:\/\/www.debruyn-intergips.nl\/wp-content\/uploads\/2022\/06\/g-1.png\",\"width\":243,\"height\":222,\"caption\":\"Grande Creation\"},\"image\":{\"@id\":\"https:\/\/www.debruyn-intergips.nl\/#\/schema\/logo\/image\/\"}}]}<\/script>\n<!-- \/ Yoast SEO plugin. -->","yoast_head_json":{"title":"Erkend en gecertificeerd stukadoors - De Bruyn Intergips","description":"Ervaar de absolute zekerheid van professionele kwaliteitdoor een erkend en gecertificeerd stukadoors- en afbouwbedrijf te kiezen.","robots":{"index":"index","follow":"follow","max-snippet":"max-snippet:-1","max-image-preview":"max-image-preview:large","max-video-preview":"max-video-preview:-1"},"canonical":"https:\/\/www.debruyn-intergips.nl\/tr\/","og_locale":"tr_TR","og_type":"article","og_title":"Erkend en gecertificeerd stukadoors - De Bruyn Intergips","og_description":"Ervaar de absolute zekerheid van professionele kwaliteitdoor een erkend en gecertificeerd stukadoors- en afbouwbedrijf te kiezen.","og_url":"https:\/\/www.debruyn-intergips.nl\/tr\/","og_site_name":"De Bruyn Intergips","article_modified_time":"2023-05-04T14:01:48+00:00","twitter_card":"summary_large_image","twitter_misc":{"Tahmini okuma s\u00fcresi":"2 dakika"},"schema":{"@context":"https:\/\/schema.org","@graph":[{"@type":"WebPage","@id":"https:\/\/www.debruyn-intergips.nl\/","url":"https:\/\/www.debruyn-intergips.nl\/","name":"Erkend en gecertificeerd stukadoors - De Bruyn Intergips","isPartOf":{"@id":"https:\/\/www.debruyn-intergips.nl\/#website"},"datePublished":"2016-06-14T00:53:06+00:00","dateModified":"2023-05-04T14:01:48+00:00","description":"Ervaar de absolute zekerheid van professionele kwaliteitdoor een erkend en gecertificeerd stukadoors- en afbouwbedrijf te kiezen.","breadcrumb":{"@id":"https:\/\/www.debruyn-intergips.nl\/#breadcrumb"},"inLanguage":"tr","potentialAction":[{"@type":"ReadAction","target":["https:\/\/www.debruyn-intergips.nl\/"]}]},{"@type":"BreadcrumbList","@id":"https:\/\/www.debruyn-intergips.nl\/#breadcrumb","itemListElement":[{"@type":"ListItem","position":1,"name":"Home","item":"https:\/\/www.debruyn-intergips.nl\/"},{"@type":"ListItem","position":2,"name":"Home"}]},{"@type":"WebSite","@id":"https:\/\/www.debruyn-intergips.nl\/#website","url":"https:\/\/www.debruyn-intergips.nl\/","name":"De Bruyn Intergips","description":"gecertificeerd stukadoors- en afbouwbedrijf","publisher":{"@id":"https:\/\/www.debruyn-intergips.nl\/#organization"},"potentialAction":[{"@type":"SearchAction","target":{"@type":"EntryPoint","urlTemplate":"https:\/\/www.debruyn-intergips.nl\/?s={search_term_string}"},"query-input":{"@type":"PropertyValueSpecification","valueRequired":true,"valueName":"search_term_string"}}],"inLanguage":"tr"},{"@type":"Organization","@id":"https:\/\/www.debruyn-intergips.nl\/#organization","name":"Grande Creation","url":"https:\/\/www.debruyn-intergips.nl\/","logo":{"@type":"ImageObject","inLanguage":"tr","@id":"https:\/\/www.debruyn-intergips.nl\/#\/schema\/logo\/image\/","url":"https:\/\/www.debruyn-intergips.nl\/wp-content\/uploads\/2022\/06\/g-1.png","contentUrl":"https:\/\/www.debruyn-intergips.nl\/wp-content\/uploads\/2022\/06\/g-1.png","width":243,"height":222,"caption":"Grande Creation"},"image":{"@id":"https:\/\/www.debruyn-intergips.nl\/#\/schema\/logo\/image\/"}}]}},"_links":{"self":[{"href":"https:\/\/www.debruyn-intergips.nl\/tr\/wp-json\/wp\/v2\/pages\/2","targetHints":{"allow":["GET"]}}],"collection":[{"href":"https:\/\/www.debruyn-intergips.nl\/tr\/wp-json\/wp\/v2\/pages"}],"about":[{"href":"https:\/\/www.debruyn-intergips.nl\/tr\/wp-json\/wp\/v2\/types\/page"}],"author":[{"embeddable":true,"href":"https:\/\/www.debruyn-intergips.nl\/tr\/wp-json\/wp\/v2\/users\/1"}],"replies":[{"embeddable":true,"href":"https:\/\/www.debruyn-intergips.nl\/tr\/wp-json\/wp\/v2\/comments?post=2"}],"version-history":[{"count":38,"href":"https:\/\/www.debruyn-intergips.nl\/tr\/wp-json\/wp\/v2\/pages\/2\/revisions"}],"predecessor-version":[{"id":70041,"href":"https:\/\/www.debruyn-intergips.nl\/tr\/wp-json\/wp\/v2\/pages\/2\/revisions\/70041"}],"wp:attachment":[{"href":"https:\/\/www.debruyn-intergips.nl\/tr\/wp-json\/wp\/v2\/media?parent=2"}],"curies":[{"name":"wp","href":"https:\/\/api.w.org\/{rel}","templated":true}]}}